{"id":90,"date":"2025-10-20T01:27:47","date_gmt":"2025-10-20T01:27:47","guid":{"rendered":"https:\/\/www.tableauxnicepouringcreations.fr\/?page_id=90"},"modified":"2025-10-20T01:36:49","modified_gmt":"2025-10-20T01:36:49","slug":"tarif-des-tableaux-coules","status":"publish","type":"page","link":"https:\/\/www.tableauxnicepouringcreations.fr\/?page_id=90","title":{"rendered":"tarif des tableaux coul\u00e9s"},"content":{"rendered":"\n<div class=\"wp-block-columns is-layout-flex wp-container-core-columns-is-layout-28f84493 wp-block-columns-is-layout-flex\">\n<div class=\"wp-block-column is-layout-flow wp-block-column-is-layout-flow\" style=\"flex-basis:100%\">\n<div class=\"wp-block-columns is-style-section-4 is-layout-flex wp-container-core-columns-is-layout-28f84493 wp-block-columns-is-layout-flex is-style-section-4--1\">\n<div class=\"wp-block-column is-layout-flow wp-block-column-is-layout-flow\" style=\"flex-basis:100%\">\n<figure class=\"wp-block-table\"><table class=\"has-fixed-layout\"><tbody><tr><td><strong>\u00c9veil marin<\/strong><\/td><td>450 euro<\/td><\/tr><tr><td><strong>Abysses c\u00e9lestes<\/strong><\/td><td>450 euro<\/td><\/tr><tr><td><strong>Fusion \u00e9carlate<\/strong><\/td><td>400 euro<\/td><\/tr><tr><td>Cosmos int\u00e9rieur<\/td><td>400 euro<\/td><\/tr><tr><td><strong>\u00c9clipse d\u2019am\u00e9thyste<\/strong><\/td><td>250 euro<\/td><\/tr><tr><td><strong>Brume c\u00e9leste<\/strong><\/td><td>250 euro<\/td><\/tr><tr><td><strong>\u00c9ruption solaire<\/strong><\/td><td>180 euro<\/td><\/tr><tr><td><strong>Le Gardien des Ombres<\/strong><\/td><td>150 euro<\/td><\/tr><tr><td><strong>Onde de lumi\u00e8re<\/strong><\/td><td>150 euro<\/td><\/tr><tr><td><strong>Cellules d\u2019argent<\/strong><\/td><td>90 euro<\/td><\/tr><\/tbody><\/table><\/figure>\n<\/div>\n<\/div>\n<\/div>\n<\/div>\n\n\n\n<p><\/p>\n","protected":false},"excerpt":{"rendered":"<p>\u00c9veil marin 450 euro Abysses c\u00e9lestes 450 euro Fusion \u00e9carlate 400 euro Cosmos int\u00e9rieur 400 euro \u00c9clipse d\u2019am\u00e9thyste 250 euro Brume c\u00e9leste 250 euro \u00c9ruption solaire 180 euro Le Gardien des Ombres 150 euro Onde de lumi\u00e8re 150 euro Cellules d\u2019argent 90 euro<\/p>\n","protected":false},"author":1,"featured_media":0,"parent":0,"menu_order":0,"comment_status":"closed","ping_status":"closed","template":"","meta":{"footnotes":""},"class_list":["post-90","page","type-page","status-publish","hentry"],"_links":{"self":[{"href":"https:\/\/www.tableauxnicepouringcreations.fr\/index.php?rest_route=\/wp\/v2\/pages\/90","targetHints":{"allow":["GET"]}}],"collection":[{"href":"https:\/\/www.tableauxnicepouringcreations.fr\/index.php?rest_route=\/wp\/v2\/pages"}],"about":[{"href":"https:\/\/www.tableauxnicepouringcreations.fr\/index.php?rest_route=\/wp\/v2\/types\/page"}],"author":[{"embeddable":true,"href":"https:\/\/www.tableauxnicepouringcreations.fr\/index.php?rest_route=\/wp\/v2\/users\/1"}],"replies":[{"embeddable":true,"href":"https:\/\/www.tableauxnicepouringcreations.fr\/index.php?rest_route=%2Fwp%2Fv2%2Fcomments&post=90"}],"version-history":[{"count":5,"href":"https:\/\/www.tableauxnicepouringcreations.fr\/index.php?rest_route=\/wp\/v2\/pages\/90\/revisions"}],"predecessor-version":[{"id":96,"href":"https:\/\/www.tableauxnicepouringcreations.fr\/index.php?rest_route=\/wp\/v2\/pages\/90\/revisions\/96"}],"wp:attachment":[{"href":"https:\/\/www.tableauxnicepouringcreations.fr\/index.php?rest_route=%2Fwp%2Fv2%2Fmedia&parent=90"}],"curies":[{"name":"wp","href":"https:\/\/api.w.org\/{rel}","templated":true}]}}