{"id":2,"date":"2025-10-16T13:26:14","date_gmt":"2025-10-16T13:26:14","guid":{"rendered":"http:\/\/www.tableauxnicepouringcreations.fr\/?page_id=2"},"modified":"2025-10-20T03:11:02","modified_gmt":"2025-10-20T03:11:02","slug":"sample-page","status":"publish","type":"page","link":"https:\/\/www.tableauxnicepouringcreations.fr\/?page_id=2","title":{"rendered":"A propos"},"content":{"rendered":"\n<figure class=\"wp-block-image size-full\"><img loading=\"lazy\" decoding=\"async\" width=\"582\" height=\"811\" src=\"https:\/\/www.tableauxnicepouringcreations.fr\/wp-content\/uploads\/2025\/10\/WhatsApp-Image-2025-10-04-a-01.25.50_dfeebb1e.jpg\" alt=\"\" class=\"wp-image-109\" srcset=\"https:\/\/www.tableauxnicepouringcreations.fr\/wp-content\/uploads\/2025\/10\/WhatsApp-Image-2025-10-04-a-01.25.50_dfeebb1e.jpg 582w, https:\/\/www.tableauxnicepouringcreations.fr\/wp-content\/uploads\/2025\/10\/WhatsApp-Image-2025-10-04-a-01.25.50_dfeebb1e-215x300.jpg 215w\" sizes=\"auto, (max-width: 582px) 100vw, 582px\" \/><\/figure>\n\n\n\n<p>Bonjour je me nomme  Christophe Framery n\u00e9e \u00e0 Rouen azur\u00e9en depuis 58 ans  et j &lsquo;applique le texte ci dessous    <\/p>\n\n\n\n<h3 class=\"wp-block-heading\"><strong>L\u2019artiste est celui qui lib\u00e8re son esprit<\/strong><\/h3>\n\n\n\n<p>L\u2019artiste est un \u00eatre \u00e0 part. Il ne se contente pas de voir le monde, il le ressent, il le questionne, il le transforme. L\u00e0 o\u00f9 d\u2019autres se taisent, lui s\u2019exprime. L\u00e0 o\u00f9 d\u2019autres suivent, lui invente. Cr\u00e9er, pour lui, ce n\u2019est pas un choix, c\u2019est une n\u00e9cessit\u00e9.<\/p>\n\n\n\n<p>Lib\u00e9rer son esprit, c\u2019est oser briser les cha\u00eenes de la peur et du jugement. C\u2019est ouvrir les portes de l\u2019imagination, l\u00e0 o\u00f9 naissent les id\u00e9es folles, les r\u00eaves, les v\u00e9rit\u00e9s cach\u00e9es. L\u2019artiste plonge dans le chaos int\u00e9rieur pour en faire jaillir la beaut\u00e9.<\/p>\n\n\n\n<p>Chaque \u0153uvre est un cri silencieux, une trace de libert\u00e9. Peindre, \u00e9crire, chanter, danser\u2026 peu importe le moyen : ce qui compte, c\u2019est cette envie br\u00fblante de donner une forme \u00e0 l\u2019invisible. L\u2019artiste n\u2019appartient \u00e0 personne, pas m\u00eame \u00e0 lui-m\u00eame. Il appartient \u00e0 ce souffle cr\u00e9ateur qui l\u2019anime.<\/p>\n\n\n\n<p>L\u2019artiste est celui qui lib\u00e8re son esprit \u2014 et, en le faisant, apprend aux autres \u00e0 lib\u00e9rer le leur.<\/p>\n","protected":false},"excerpt":{"rendered":"<p>Bonjour je me nomme Christophe Framery n\u00e9e \u00e0 Rouen azur\u00e9en depuis 58 ans et j &lsquo;applique le texte ci dessous L\u2019artiste est celui qui lib\u00e8re son esprit L\u2019artiste est un \u00eatre \u00e0 part. Il ne se contente pas de voir le monde, il le ressent, il le questionne, il le transforme. L\u00e0 o\u00f9 d\u2019autres se [&hellip;]<\/p>\n","protected":false},"author":1,"featured_media":0,"parent":0,"menu_order":0,"comment_status":"closed","ping_status":"open","template":"","meta":{"footnotes":""},"class_list":["post-2","page","type-page","status-publish","hentry"],"_links":{"self":[{"href":"https:\/\/www.tableauxnicepouringcreations.fr\/index.php?rest_route=\/wp\/v2\/pages\/2","targetHints":{"allow":["GET"]}}],"collection":[{"href":"https:\/\/www.tableauxnicepouringcreations.fr\/index.php?rest_route=\/wp\/v2\/pages"}],"about":[{"href":"https:\/\/www.tableauxnicepouringcreations.fr\/index.php?rest_route=\/wp\/v2\/types\/page"}],"author":[{"embeddable":true,"href":"https:\/\/www.tableauxnicepouringcreations.fr\/index.php?rest_route=\/wp\/v2\/users\/1"}],"replies":[{"embeddable":true,"href":"https:\/\/www.tableauxnicepouringcreations.fr\/index.php?rest_route=%2Fwp%2Fv2%2Fcomments&post=2"}],"version-history":[{"count":4,"href":"https:\/\/www.tableauxnicepouringcreations.fr\/index.php?rest_route=\/wp\/v2\/pages\/2\/revisions"}],"predecessor-version":[{"id":110,"href":"https:\/\/www.tableauxnicepouringcreations.fr\/index.php?rest_route=\/wp\/v2\/pages\/2\/revisions\/110"}],"wp:attachment":[{"href":"https:\/\/www.tableauxnicepouringcreations.fr\/index.php?rest_route=%2Fwp%2Fv2%2Fmedia&parent=2"}],"curies":[{"name":"wp","href":"https:\/\/api.w.org\/{rel}","templated":true}]}}